{"id":1293,"date":"2020-04-06T16:45:16","date_gmt":"2020-04-06T14:45:16","guid":{"rendered":"http:\/\/www.dtenergietech.sk\/?page_id=1293"},"modified":"2020-04-06T17:23:04","modified_gmt":"2020-04-06T15:23:04","slug":"covid-19","status":"publish","type":"page","link":"https:\/\/www.dtenergietech.sk\/en\/covid-19\/","title":{"rendered":"COVID-19"},"content":{"rendered":"\n<div class=\"wp-block-nextend-smartslider3\"><\/div>\n\n\n\n<div class=\"wp-block-columns alignwide has-2-columns product-columns ref-columns\">\n<div class=\"wp-block-column\">\n<h2 style=\"text-align:left\" class=\"no-margin-top\">V\u00e1\u017een\u00fd obchodn\u00fd partner,<\/h2>\n\n\n\n<p style=\"font-size:15.5px\" class=\"has-text-color has-light-gray-color\">V s\u00favislosti s aktu\u00e1lnym v\u00fdvojom situ\u00e1cie so \u0161\u00edren\u00edm ochorenia COVID-19 na Slovensku i my v spolo\u010dnosti <strong>DATATHERM <\/strong>starostlivo sledujeme a dodr\u017eiavame aktu\u00e1lne platn\u00e9 rozhodnutia a pokyny Svetovej zdravotn\u00edckej organiz\u00e1cie (WHO) a pr\u00edslu\u0161n\u00fdch org\u00e1nov na \u00fazem\u00ed Slovenskej republiky.<br><br>Aby sme zvl\u00e1dli toto ne\u013eahk\u00e9 obdobie \u010do najlep\u0161ie, podnikli sme nieko\u013eko <strong>bezpe\u010dnostn\u00fdch opatren\u00ed<\/strong>, ktor\u00e9 <strong>ochr\u00e1nia Va\u0161e zdravie, ale aj zdravie na\u0161ich zamestnancov<\/strong> a z\u00e1rove\u0148 <strong>zaistia bezpe\u010dn\u00e9 fungovanie spolo\u010dnosti, plynul\u00fd chod dod\u00e1vok a poskytovanie z\u00e1kazn\u00edckeho servisu a technickej podpory.<\/strong><\/p>\n<\/div>\n\n\n\n<div class=\"wp-block-column\">\n<h4>Inform\u00e1cie o zabezpe\u010dovan\u00ed dod\u00e1vok a slu\u017eieb a do\u010dasne zaveden\u00fdch opatreniach v spolo\u010dnosti <strong>DATATHERM<\/strong>: <\/h4>\n\n\n\n<ol class=\"ref-list\"><li>v\u00fdrobn\u00e9 z\u00e1vody na\u0161ich obchodn\u00fdch partnerov v D\u00e1nsku s\u00fa v prev\u00e1dzke a vyr\u00e1baj\u00fa <\/li><li> zabezpe\u010dujeme vn\u00fatro\u0161t\u00e1tnu a medzin\u00e1rodn\u00fa prepravu, av\u0161ak z d\u00f4vodu \u010dastej\u0161\u00edch kontrol a obmedzen\u00ed na hrani\u010dn\u00fdch priechodoch je mo\u017en\u00e9 o\u010dak\u00e1va\u0165 pr\u00edpadn\u00e9 dlh\u0161ie dodacie term\u00edny <\/li><li>obchodn\u00fa a administrat\u00edvnu \u010dinnos\u0165 zabezpe\u010dujeme vo v\u00e4\u010d\u0161ine pr\u00edpadov formou online slu\u017eieb a konferen\u010dn\u00fdch hovorov <\/li><li>v\u00e4\u010d\u0161ina na\u0161ich kolegov aktu\u00e1lne vykon\u00e1va pr\u00e1cu z domova<\/li><li>n\u00e1\u0161 servisn\u00fd t\u00edm je V\u00e1m plne k dispoz\u00edcii pre zabezpe\u010denie a vykonanie z\u00e1kazn\u00edckeho servisu a technickej podpory <\/li><\/ol>\n\n\n\n<p style=\"font-size:15.5px\" class=\"has-text-color has-light-gray-color\"> V pr\u00edpade ak\u00fdchko\u013evek ot\u00e1zok a probl\u00e9mov n\u00e1s nev\u00e1hajte kontaktova\u0165. <br><br> S pozdravom<br><strong> DATATHERM, spol. s r.o. <\/strong><\/p>\n<\/div>\n<\/div>\n","protected":false},"excerpt":{"rendered":"<p>V\u00e1\u017een\u00fd obchodn\u00fd partner, V s\u00favislosti s aktu\u00e1lnym v\u00fdvojom situ\u00e1cie so \u0161\u00edren\u00edm ochorenia COVID-19 na Slovensku i my v spolo\u010dnosti DATATHERM starostlivo sledujeme a dodr\u017eiavame aktu\u00e1lne platn\u00e9 rozhodnutia a pokyny Svetovej zdravotn\u00edckej organiz\u00e1cie (WHO) a pr\u00edslu\u0161n\u00fdch org\u00e1nov na \u00fazem\u00ed Slovenskej republiky. Aby sme zvl\u00e1dli toto ne\u013eahk\u00e9 obdobie \u010do najlep\u0161ie, podnikli sme nieko\u013eko bezpe\u010dnostn\u00fdch opatren\u00ed, ktor\u00e9 ochr\u00e1nia &hellip; <\/p>\n<p class=\"link-more\"><a href=\"https:\/\/www.dtenergietech.sk\/en\/covid-19\/\" class=\"more-link\">Continue reading<span class=\"screen-reader-text\"> &#8220;COVID-19&#8221;<\/span><\/a><\/p>\n","protected":false},"author":1,"featured_media":0,"parent":0,"menu_order":7,"comment_status":"closed","ping_status":"closed","template":"","meta":[],"uagb_featured_image_src":{"full":false,"thumbnail":false,"medium":false,"medium_large":false,"large":false,"1536x1536":false,"2048x2048":false,"post-thumbnail":false},"uagb_author_info":{"display_name":"datatherm-admin","author_link":"https:\/\/www.dtenergietech.sk\/en\/author\/datatherm-admin\/"},"uagb_comment_info":0,"uagb_excerpt":"V\u00e1\u017een\u00fd obchodn\u00fd partner, V s\u00favislosti s aktu\u00e1lnym v\u00fdvojom situ\u00e1cie so \u0161\u00edren\u00edm ochorenia COVID-19 na Slovensku i my v spolo\u010dnosti DATATHERM starostlivo sledujeme a dodr\u017eiavame aktu\u00e1lne platn\u00e9 rozhodnutia a pokyny Svetovej zdravotn\u00edckej organiz\u00e1cie (WHO) a pr\u00edslu\u0161n\u00fdch org\u00e1nov na \u00fazem\u00ed Slovenskej republiky. Aby sme zvl\u00e1dli toto ne\u013eahk\u00e9 obdobie \u010do najlep\u0161ie, podnikli sme nieko\u013eko bezpe\u010dnostn\u00fdch opatren\u00ed, ktor\u00e9 ochr\u00e1nia&hellip;","_links":{"self":[{"href":"https:\/\/www.dtenergietech.sk\/en\/wp-json\/wp\/v2\/pages\/1293"}],"collection":[{"href":"https:\/\/www.dtenergietech.sk\/en\/wp-json\/wp\/v2\/pages"}],"about":[{"href":"https:\/\/www.dtenergietech.sk\/en\/wp-json\/wp\/v2\/types\/page"}],"author":[{"embeddable":true,"href":"https:\/\/www.dtenergietech.sk\/en\/wp-json\/wp\/v2\/users\/1"}],"replies":[{"embeddable":true,"href":"https:\/\/www.dtenergietech.sk\/en\/wp-json\/wp\/v2\/comments?post=1293"}],"version-history":[{"count":13,"href":"https:\/\/www.dtenergietech.sk\/en\/wp-json\/wp\/v2\/pages\/1293\/revisions"}],"predecessor-version":[{"id":1325,"href":"https:\/\/www.dtenergietech.sk\/en\/wp-json\/wp\/v2\/pages\/1293\/revisions\/1325"}],"wp:attachment":[{"href":"https:\/\/www.dtenergietech.sk\/en\/wp-json\/wp\/v2\/media?parent=1293"}],"curies":[{"name":"wp","href":"https:\/\/api.w.org\/{rel}","templated":true}]}}