{"id":13,"date":"2019-09-10T20:38:06","date_gmt":"2019-09-10T18:38:06","guid":{"rendered":"http:\/\/www.dtenergietech.sk\/?page_id=13"},"modified":"2020-03-22T14:05:05","modified_gmt":"2020-03-22T13:05:05","slug":"produkty","status":"publish","type":"page","link":"https:\/\/www.dtenergietech.sk\/en\/produkty\/","title":{"rendered":"Products"},"content":{"rendered":"\n<div class=\"wp-block-nextend-smartslider3\"><\/div>\n\n\n\n<div class=\"wp-block-columns alignwide has-2-columns product-columns ref-columns\">\n<div class=\"wp-block-column\">\n<h3 style=\"text-align:left\" class=\"no-margin-top\">KOTLY NA  BIOMASU<\/h3>\n\n\n\n<p style=\"font-size:15.5px\" class=\"has-text-color has-light-gray-color\"><strong>DATATHERM <\/strong>je v\u00fdhradn\u00fdm z\u00e1stupcom renomovanej d\u00e1nskej firmy <strong><a rel=\"noopener noreferrer\" href=\"https:\/\/justsen.dk\/\" target=\"_blank\">JUSTSEN<\/a><\/strong> pre Slovensko, \u010cesk\u00fa republiku a stredn\u00fa Eur\u00f3pu. Pon\u00fakame najmodernej\u0161ie kotly na drevn\u00fa \u0161tiepku a slamu, vybaven\u00e9 revolu\u010dnou a inovat\u00edvnou technol\u00f3giou, ktor\u00e1 umo\u017e\u0148uje spa\u013eova\u0165 r\u00f4zne typy pevnej biomasy v tom istom kotlovom zariaden\u00ed.<br><br>Dod\u00e1vame rie\u0161enia \u201e\u0161it\u00e9 na mieru\u201c pre konkr\u00e9tneho z\u00e1kazn\u00edka. Ka\u017ed\u00e1 nov\u00e1 v\u00fdstavba kotolne na biomasu zodpoved\u00e1 \u0161pecifick\u00fdm po\u017eiadavk\u00e1m z\u00e1kazn\u00edka \u010di u\u017e z poh\u013eadu palivovej z\u00e1kladne, po\u017eadovan\u00e9ho v\u00fdkonu kotlov, alebo po\u017eiadavky na parametre v\u00fdstupnej teplonosnej l\u00e1tky.<br><br>Navrhujeme tak\u00e9 technick\u00e9 rie\u0161enia, aby priniesli pre na\u0161ich z\u00e1kazn\u00edkov \u010do najlep\u0161\u00ed finan\u010dn\u00fd efekt z poh\u013eadu n\u00e1vratnosti invest\u00edci\u00ed, ale aj benefity ako s\u00fa <strong>komfort, efekt\u00edvna prev\u00e1dzka, vysok\u00e1 tepeln\u00e1, n\u00edzke emisie v spalin\u00e1ch a minim\u00e1lne n\u00e1roky na servis a \u00fadr\u017ebu. <\/strong><\/p>\n\n\n\n<h4 id=\"kotly-na-pevnu-biomasu\">PON\u00daKAME VODN\u00c9 A PARN\u00c9 KOTLY NA PEVN\u00da BIOMASU:<\/h4>\n<\/div>\n\n\n\n<div class=\"wp-block-column\">\n<p style=\"font-size:15.5px\" class=\"has-text-color has-light-gray-color\">Ka\u017ed\u00fd kotol je vybaven\u00fd vysoko v\u00fdkonn\u00fdm a spo\u013eahliv\u00fdm automatizovan\u00fdm riadiacim syst\u00e9mom s dia\u013ekov\u00fdm monitorovac\u00edm syst\u00e9mom, vyvinut\u00fdm spolo\u010dnos\u0165ou DATATHERM na z\u00e1klade dlhoro\u010dn\u00fdch sk\u00fasenost\u00ed z in\u0161tal\u00e1cii a prev\u00e1dzkovania kotlov\u00fdch syst\u00e9mov.<\/p>\n\n\n\n<figure class=\"wp-block-image\"><img loading=\"lazy\" width=\"450\" height=\"350\" src=\"http:\/\/www.dtenergietech.sk\/wp-content\/uploads\/2019\/10\/kotl.system-450x350.jpg\" alt=\"\" class=\"wp-image-1013\"\/><\/figure>\n<\/div>\n<\/div>\n\n\n\n<div class=\"wp-block-columns alignwide has-3-columns product-columns\">\n<div class=\"wp-block-column\">\n<h5 style=\"text-align:center\">TEPLOVODN\u00c9 \/ HOR\u00daCOVODN\u00c9 KOTLY<\/h5>\n\n\n\n<table class=\"wp-block-table alignwide is-style-regular tech-table\"><tbody><tr><td>Tepeln\u00fd v\u00fdkon<\/td><td>300 kW* \u2013 20 MW<\/td><\/tr><tr><td>Tlak<\/td><td>4,0 bar \u2013 16,0 bar<\/td><\/tr><tr><td>Teplota<\/td><td>110\u00b0C \u2013 160 \u00b0C<\/td><\/tr><tr><td>Palivo<\/td><td>v\u0161etky typy pevnej biomasy**<\/td><\/tr><\/tbody><\/table>\n\n\n\n<p style=\"font-size:15.5px\" class=\"has-text-color has-light-gray-color\"><strong>*<\/strong> DATATHERM pon\u00faka kotly aj do v\u00fdkonu 300 kW (\u0161pecifick\u00e9 technick\u00e9 rie\u0161enie)<br><br><strong>**<\/strong> Ekologick\u00fd drevn\u00fd odpad (mokr\u00fd\/such\u00fd), drevn\u00e1 \u0161tiepka, drevn\u00e9 peletky, brikety, slama (repkov\u00e1, p\u0161eni\u010dn\u00e1, kukuri\u010dn\u00e1), such\u00e1 ra\u0161elina &#8211; (biopalivo) bez \u0161kodliv\u00e9ho obsahu pr\u00eddavn\u00fdch l\u00e1tok a pr\u00edmes\u00ed ako PVC, chloridy a pod.<\/p>\n\n\n\n<figure class=\"wp-block-image\"><img loading=\"lazy\" width=\"450\" height=\"350\" src=\"http:\/\/www.dtenergietech.sk\/wp-content\/uploads\/2019\/10\/Teplovodne-kotly-450x350.jpg\" alt=\"\" class=\"wp-image-1018\"\/><\/figure>\n<\/div>\n\n\n\n<div class=\"wp-block-column\">\n<h5 style=\"text-align:center\">PARN\u00c9 KOTLY (N\u00cdZKO a&nbsp;STREDNOTLAK\u00c9)<\/h5>\n\n\n\n<table class=\"wp-block-table alignwide is-style-regular tech-table\"><tbody><tr><td>Parn\u00fd v\u00fdkon<\/td><td>800 kg\/h \u2013 30 t\/h<\/td><\/tr><tr><td>Tlak<\/td><td>do 30.0 bar<\/td><\/tr><tr><td>Teplota<\/td><td>160\u00b0C \u2013 210 \u00b0C (saturovan\u00e1 para), 211\u00b0C \u2013 290 \u00b0C (prehriata para)<\/td><\/tr><tr><td>Palivo<\/td><td>v\u0161etky typy pevnej biomasy*<\/td><\/tr><\/tbody><\/table>\n\n\n\n<p style=\"font-size:15.5px\" class=\"has-text-color has-light-gray-color\"><strong>*<\/strong> Ekologick\u00fd drevn\u00fd odpad (mokr\u00fd\/such\u00fd), drevn\u00e1 \u0161tiepka, drevn\u00e9 peletky, brikety, slama (repkov\u00e1, p\u0161eni\u010dn\u00e1,  kukuri\u010dn\u00e1), such\u00e1 ra\u0161elina &#8211; (biopalivo) bez \u0161kodliv\u00e9ho obsahu pr\u00eddavn\u00fdch l\u00e1tok a pr\u00edmes\u00ed ako PVC, chloridy a pod.<\/p>\n\n\n\n<figure class=\"wp-block-image\"><img loading=\"lazy\" width=\"450\" height=\"350\" src=\"http:\/\/www.dtenergietech.sk\/wp-content\/uploads\/2019\/10\/P1050095-450x350.jpg\" alt=\"\" class=\"wp-image-1017\"\/><\/figure>\n<\/div>\n\n\n\n<div class=\"wp-block-column\">\n<h5 style=\"text-align:center\">VYSOKOTLAK\u00c9 PARN\u00c9 KOTLY<\/h5>\n\n\n\n<table class=\"wp-block-table alignwide is-style-regular tech-table\"><tbody><tr><td>Parn\u00fd v\u00fdkon<\/td><td>do 40 t\/h*<\/td><\/tr><tr><td>Tlak<\/td><td>a\u017e do 73.0 bar*<\/td><\/tr><tr><td>Teplota<\/td><td>a\u017e do 490\u00b0C (prehriata para)*<\/td><\/tr><tr><td>Palivo<\/td><td>v\u0161etky typy pevnej biomasy**<\/td><\/tr><\/tbody><\/table>\n\n\n\n<p style=\"font-size:15.5px\" class=\"has-text-color has-light-gray-color\"><strong>*<\/strong> DATATHERM pon\u00faka aj kotly vy\u0161\u0161\u00edch parametrov (\u0161pecifick\u00e9 technick\u00e9 rie\u0161enie)<br><br><strong>**<\/strong> Ekologick\u00fd drevn\u00fd odpad (mokr\u00fd\/such\u00fd), drevn\u00e1 \u0161tiepka, drevn\u00e9 peletky, brikety, slama (repkov\u00e1, p\u0161eni\u010dn\u00e1, kukuri\u010dn\u00e1), such\u00e1 ra\u0161elina &#8211; (biopalivo) bez \u0161kodliv\u00e9ho obsahu pr\u00eddavn\u00fdch l\u00e1tok a pr\u00edmes\u00ed ako PVC, chloridy a pod.<\/p>\n\n\n\n<figure class=\"wp-block-image\"><img loading=\"lazy\" width=\"450\" height=\"350\" src=\"http:\/\/www.dtenergietech.sk\/wp-content\/uploads\/2019\/10\/Vysokotlaky-450x350.jpg\" alt=\"\" class=\"wp-image-1016\"\/><\/figure>\n<\/div>\n<\/div>\n\n\n\n<hr class=\"wp-block-separator is-style-wide\"\/>\n\n\n\n<div class=\"wp-block-columns alignwide has-2-columns product-columns ref-columns\">\n<div class=\"wp-block-column\">\n<h3 style=\"text-align:left\" class=\"no-margin-top\">KOGENERA\u010cN\u00c9 JEDNOTKY NA BIOMASU <\/h3>\n\n\n\n<p style=\"font-size:15.5px\" class=\"has-text-color has-light-gray-color\"><strong>DATATHERM<\/strong> m\u00e1 sk\u00fasenost\u00ed s projektovan\u00edm a v\u00fdstavbou kogenera\u010dn\u00fdch jednotiek na kombinovan\u00fa v\u00fdrobu elektriny, tepla a chladu z biomasy v&nbsp;tepl\u00e1rni <strong><a href=\"http:\/\/www.termonova.sk\/\" target=\"_blank\" rel=\"noopener noreferrer\">Termonova, a.s.<\/a><\/strong> v&nbsp;meste Novej Dubnici a vo v\u00fdrobnom z\u00e1vode Tatra v&nbsp;Kop\u0159ivnici v \u010ceskej republike.<\/p>\n\n\n\n<figure class=\"wp-block-image\"><img loading=\"lazy\" width=\"931\" height=\"698\" src=\"http:\/\/www.dtenergietech.sk\/wp-content\/uploads\/2019\/10\/Bud\u00edky-turb\u00edna-931x698.jpg\" alt=\"\" class=\"wp-image-1010\" srcset=\"https:\/\/www.dtenergietech.sk\/wp-content\/uploads\/2019\/10\/Bud\u00edky-turb\u00edna-931x698.jpg 931w, https:\/\/www.dtenergietech.sk\/wp-content\/uploads\/2019\/10\/Bud\u00edky-turb\u00edna-300x225.jpg 300w, https:\/\/www.dtenergietech.sk\/wp-content\/uploads\/2019\/10\/Bud\u00edky-turb\u00edna-768x576.jpg 768w, https:\/\/www.dtenergietech.sk\/wp-content\/uploads\/2019\/10\/Bud\u00edky-turb\u00edna-1568x1176.jpg 1568w\" sizes=\"(max-width: 931px) 100vw, 931px\" \/><\/figure>\n<\/div>\n\n\n\n<div class=\"wp-block-column\">\n<h4>Pon\u00fakame technologick\u00e9 \u010dasti pre kogenera\u010dn\u00e9 jednotky<\/h4>\n\n\n\n<ul class=\"ref-list\"><li>Parn\u00fd kotol na v\u00fdrobu prehriatej pary (vi\u010f <a href=\"#kotly-na-pevnu-biomasu\">kotly na biomasu<\/a>)<\/li><li>Syst\u00e9m na sekanie a rozdru\u017eenie slamy, drevnej \u0161tiepky<\/li><li>Dopravn\u00edky na transport paliva a popola<\/li><li>Kom\u00ednov\u00e9 teleso<\/li><li>Parn\u00e1 turb\u00edna (Kondenza\u010dn\u00e1 \/ Protitlak\u00e1)<\/li><li>Kondenz\u00e1tory<\/li><li>Nap\u00e1jacia n\u00e1dr\u017e, Nap\u00e1jacie \u010derpadl\u00e1, armat\u00fary<\/li><li>Kondenza\u010dn\u00e1 n\u00e1dr\u017e, Kondenza\u010dn\u00e9 \u010derpadl\u00e1<\/li><li>Chladiace ve\u017ee (vodn\u00e9\/vzduchov\u00e9)<\/li><li>Tepeln\u00e9 a parn\u00e9 rozvody<\/li><li>Chemick\u00e1 \u00faprav\u0148a vody<\/li><li>Absorp\u010dn\u00fd\/Kompresorov\u00fd chladi\u010d<\/li><li>Riadiace syst\u00e9my, nadraden\u00e9 syst\u00e9my riadenia (SCADA) (vi\u010f <a href=\"#riadiace-systemy-datatherm\">riadiace syst\u00e9my DATATHERM<\/a>)<\/li><\/ul>\n\n\n\n<figure class=\"wp-block-image\"><img loading=\"lazy\" width=\"1046\" height=\"698\" src=\"http:\/\/www.dtenergietech.sk\/wp-content\/uploads\/2019\/10\/Technologia_para-1046x698.jpg\" alt=\"\" class=\"wp-image-1011\" srcset=\"https:\/\/www.dtenergietech.sk\/wp-content\/uploads\/2019\/10\/Technologia_para-1046x698.jpg 1046w, https:\/\/www.dtenergietech.sk\/wp-content\/uploads\/2019\/10\/Technologia_para-300x200.jpg 300w, https:\/\/www.dtenergietech.sk\/wp-content\/uploads\/2019\/10\/Technologia_para-768x513.jpg 768w, https:\/\/www.dtenergietech.sk\/wp-content\/uploads\/2019\/10\/Technologia_para-1568x1046.jpg 1568w\" sizes=\"(max-width: 1046px) 100vw, 1046px\" \/><\/figure>\n<\/div>\n<\/div>\n\n\n\n<hr class=\"wp-block-separator is-style-wide\"\/>\n\n\n\n<div class=\"wp-block-columns alignwide has-3-columns product-columns\">\n<div class=\"wp-block-column\">\n<h3 style=\"text-align:left\" id=\"riadiace-systemy-datatherm\" class=\"no-margin-top\">RIADIACE SYST\u00c9MY, SCADA, MaR<\/h3>\n\n\n\n<p style=\"font-size:15.5px\" class=\"has-text-color has-light-gray-color\"><strong>DATATHERM<\/strong> pon\u00faka vysoko v\u00fdkonn\u00e9 priemyseln\u00e9 automatizovan\u00e9 riadiace syst\u00e9my pre riadenie biomasov\u00fdch kotlov\u00fdch syst\u00e9mov a&nbsp;ovl\u00e1danie technologick\u00fdch procesov v\u00fdrobn\u00fdch liniek v&nbsp;priemyseln\u00fdch odvetviach.<\/p>\n\n\n\n<figure class=\"wp-block-image\"><img loading=\"lazy\" width=\"474\" height=\"338\" src=\"http:\/\/www.dtenergietech.sk\/wp-content\/uploads\/2019\/10\/y-e1570559358529.png\" alt=\"\" class=\"wp-image-1022\" srcset=\"https:\/\/www.dtenergietech.sk\/wp-content\/uploads\/2019\/10\/y-e1570559358529.png 474w, https:\/\/www.dtenergietech.sk\/wp-content\/uploads\/2019\/10\/y-e1570559358529-300x214.png 300w\" sizes=\"(max-width: 474px) 100vw, 474px\" \/><\/figure>\n<\/div>\n\n\n\n<div class=\"wp-block-column\">\n<p style=\"font-size:15.5px\" class=\"has-text-color has-light-gray-color\">S\u00fa\u010das\u0165ou ponuky s\u00fa aj nadraden\u00e9 SCADA syst\u00e9my, ktor\u00e9 tvoria vizu\u00e1lne rozhranie medzi oper\u00e1torom a&nbsp;samotnou technol\u00f3giou. Syst\u00e9m SCADA zdru\u017euje komunik\u00e1ciu s&nbsp;auton\u00f3mnymi riadiacimi jednotkami, zaznamen\u00e1va a&nbsp;archivuje prev\u00e1dzkov\u00e9 a&nbsp;poruchov\u00e9 stavy a&nbsp;riadi s\u00fa\u010dinnos\u0165 jednotliv\u00fdch technologick\u00fdch zariaden\u00ed.<\/p>\n\n\n\n<h4>Syst\u00e9my                od v\u00fdrobcov  SIEMENS, SCHNEIDER, HONEYWELL          a in\u00fdch<\/h4>\n\n\n\n<p style=\"font-size:15.5px\" class=\"has-text-color has-light-gray-color\">Programovate\u013en\u00e9 logick\u00e9 automaty PLC, HMI panely a&nbsp;kompaktn\u00e9 PLC syst\u00e9my s&nbsp;pr\u00edslu\u0161enstvom s\u00fa navrhovan\u00e9 a&nbsp;dod\u00e1van\u00e9 v&nbsp;r\u00f4znych konfigur\u00e1ci\u00e1ch \u201ena mieru\u201c pre konkr\u00e9tny projekt pod zna\u010dkami od renomovan\u00fdch v\u00fdrobcov SIEMENS, Schneider, Honeywell a&nbsp;in\u00fdch.<\/p>\n<\/div>\n\n\n\n<div class=\"wp-block-column\">\n<figure class=\"wp-block-image\"><img loading=\"lazy\" width=\"523\" height=\"698\" src=\"http:\/\/www.dtenergietech.sk\/wp-content\/uploads\/2019\/10\/x-523x698.jpg\" alt=\"\" class=\"wp-image-1021\" srcset=\"https:\/\/www.dtenergietech.sk\/wp-content\/uploads\/2019\/10\/x-523x698.jpg 523w, https:\/\/www.dtenergietech.sk\/wp-content\/uploads\/2019\/10\/x-225x300.jpg 225w, https:\/\/www.dtenergietech.sk\/wp-content\/uploads\/2019\/10\/x.jpg 606w\" sizes=\"(max-width: 523px) 100vw, 523px\" \/><\/figure>\n<\/div>\n<\/div>\n\n\n<div id=\"wpgmza_map\" class=\"wpgmza_map\" data-settings='{\"id\":\"1\",\"map_title\":\"main-map\",\"map_width\":\"\",\"map_height\":\"755\",\"map_start_lat\":\"49.217509\",\"map_start_lng\":\"18.838627\",\"map_start_location\":\"49.21750874862844,18.838627322753855\",\"map_start_zoom\":\"13\",\"default_marker\":\"0\",\"type\":\"1\",\"alignment\":\"2\",\"directions_enabled\":\"1\",\"styling_enabled\":\"0\",\"styling_json\":\"\",\"active\":\"0\",\"kml\":\"\",\"bicycle\":\"0\",\"traffic\":\"0\",\"dbox\":\"1\",\"dbox_width\":\"100\",\"listmarkers\":\"0\",\"listmarkers_advanced\":\"0\",\"filterbycat\":\"0\",\"ugm_enabled\":\"0\",\"ugm_category_enabled\":\"0\",\"fusion\":\"\",\"map_width_type\":\"\\\\%\",\"map_height_type\":\"px\",\"mass_marker_support\":\"1\",\"ugm_access\":\"0\",\"order_markers_by\":\"1\",\"order_markers_choice\":\"2\",\"show_user_location\":\"0\",\"default_to\":\"\",\"other_settings\":{\"store_locator_enabled\":2,\"store_locator_distance\":2,\"store_locator_default_radius\":10,\"store_locator_not_found_message\":\"No results found in this location. Please try again.\",\"store_locator_bounce\":1,\"store_locator_query_string\":\"PS\\u010c \\\/ Adresa:\",\"store_locator_default_address\":\"\",\"wpgmza_store_locator_restrict\":\"sk\",\"store_locator_style\":\"modern\",\"wpgmza_store_locator_radius_style\":\"modern\",\"map_max_zoom\":\"1\",\"transport_layer\":0,\"wpgmza_theme_data\":\"[{\\\\\\\"featureType\\\\\\\": \\\\\\\"administrative\\\\\\\",\\\\\\\"elementType\\\\\\\": \\\\\\\"labels.text.fill\\\\\\\",\\\\\\\"stylers\\\\\\\": [{\\\\\\\"color\\\\\\\": \\\\\\\"#444444\\\\\\\"}]},{\\\\\\\"featureType\\\\\\\": \\\\\\\"landscape\\\\\\\",\\\\\\\"elementType\\\\\\\": \\\\\\\"all\\\\\\\",\\\\\\\"stylers\\\\\\\": [{\\\\\\\"color\\\\\\\": \\\\\\\"#f2f2f2\\\\\\\"}]},{\\\\\\\"featureType\\\\\\\": \\\\\\\"poi\\\\\\\",\\\\\\\"elementType\\\\\\\": \\\\\\\"all\\\\\\\",\\\\\\\"stylers\\\\\\\": [{\\\\\\\"visibility\\\\\\\": \\\\\\\"off\\\\\\\"}]},{\\\\\\\"featureType\\\\\\\": \\\\\\\"road\\\\\\\",\\\\\\\"elementType\\\\\\\": \\\\\\\"all\\\\\\\",\\\\\\\"stylers\\\\\\\": [{\\\\\\\"saturation\\\\\\\": -100},{\\\\\\\"lightness\\\\\\\": 45}]},{\\\\\\\"featureType\\\\\\\": \\\\\\\"road.highway\\\\\\\",\\\\\\\"elementType\\\\\\\": \\\\\\\"all\\\\\\\",\\\\\\\"stylers\\\\\\\": [{\\\\\\\"visibility\\\\\\\": \\\\\\\"simplified\\\\\\\"}]},{\\\\\\\"featureType\\\\\\\": \\\\\\\"road.arterial\\\\\\\",\\\\\\\"elementType\\\\\\\": \\\\\\\"labels.icon\\\\\\\",\\\\\\\"stylers\\\\\\\": [{\\\\\\\"visibility\\\\\\\": \\\\\\\"off\\\\\\\"}]},{\\\\\\\"featureType\\\\\\\": \\\\\\\"transit\\\\\\\",\\\\\\\"elementType\\\\\\\": \\\\\\\"all\\\\\\\",\\\\\\\"stylers\\\\\\\": [{\\\\\\\"visibility\\\\\\\": \\\\\\\"off\\\\\\\"}]},{\\\\\\\"featureType\\\\\\\": \\\\\\\"water\\\\\\\",\\\\\\\"elementType\\\\\\\": \\\\\\\"all\\\\\\\",\\\\\\\"stylers\\\\\\\": [{\\\\\\\"color\\\\\\\": \\\\\\\"#46bcec\\\\\\\"},{\\\\\\\"visibility\\\\\\\": \\\\\\\"on\\\\\\\"}]}]\",\"wpgmza_theme_selection\":1,\"wpgmza_show_points_of_interest\":1,\"wpgmza_auto_night\":0}}' data-map-id='1' Data-maps-engine='google-maps' data-shortcode-attributes='{\"id\":\"1\",\"classname\":\"alignfull\"}' class='alignfull' style=\"display:block; overflow:auto; width:%; height:755px; float:left;\"><\/div>","protected":false},"excerpt":{"rendered":"<p>KOTLY NA BIOMASU DATATHERM je v\u00fdhradn\u00fdm z\u00e1stupcom renomovanej d\u00e1nskej firmy JUSTSEN pre Slovensko, \u010cesk\u00fa republiku a stredn\u00fa Eur\u00f3pu. Pon\u00fakame najmodernej\u0161ie kotly na drevn\u00fa \u0161tiepku a slamu, vybaven\u00e9 revolu\u010dnou a inovat\u00edvnou technol\u00f3giou, ktor\u00e1 umo\u017e\u0148uje spa\u013eova\u0165 r\u00f4zne typy pevnej biomasy v tom istom kotlovom zariaden\u00ed. Dod\u00e1vame rie\u0161enia \u201e\u0161it\u00e9 na mieru\u201c pre konkr\u00e9tneho z\u00e1kazn\u00edka. Ka\u017ed\u00e1 nov\u00e1 v\u00fdstavba kotolne &hellip; <\/p>\n<p class=\"link-more\"><a href=\"https:\/\/www.dtenergietech.sk\/en\/produkty\/\" class=\"more-link\">Continue reading<span class=\"screen-reader-text\"> &#8220;Products&#8221;<\/span><\/a><\/p>\n","protected":false},"author":1,"featured_media":0,"parent":0,"menu_order":3,"comment_status":"closed","ping_status":"closed","template":"","meta":[],"uagb_featured_image_src":{"full":false,"thumbnail":false,"medium":false,"medium_large":false,"large":false,"1536x1536":false,"2048x2048":false,"post-thumbnail":false},"uagb_author_info":{"display_name":"datatherm-admin","author_link":"https:\/\/www.dtenergietech.sk\/en\/author\/datatherm-admin\/"},"uagb_comment_info":0,"uagb_excerpt":"KOTLY NA BIOMASU DATATHERM je v\u00fdhradn\u00fdm z\u00e1stupcom renomovanej d\u00e1nskej firmy JUSTSEN pre Slovensko, \u010cesk\u00fa republiku a stredn\u00fa Eur\u00f3pu. Pon\u00fakame najmodernej\u0161ie kotly na drevn\u00fa \u0161tiepku a slamu, vybaven\u00e9 revolu\u010dnou a inovat\u00edvnou technol\u00f3giou, ktor\u00e1 umo\u017e\u0148uje spa\u013eova\u0165 r\u00f4zne typy pevnej biomasy v tom istom kotlovom zariaden\u00ed. Dod\u00e1vame rie\u0161enia \u201e\u0161it\u00e9 na mieru\u201c pre konkr\u00e9tneho z\u00e1kazn\u00edka. Ka\u017ed\u00e1 nov\u00e1 v\u00fdstavba kotolne&hellip;","_links":{"self":[{"href":"https:\/\/www.dtenergietech.sk\/en\/wp-json\/wp\/v2\/pages\/13"}],"collection":[{"href":"https:\/\/www.dtenergietech.sk\/en\/wp-json\/wp\/v2\/pages"}],"about":[{"href":"https:\/\/www.dtenergietech.sk\/en\/wp-json\/wp\/v2\/types\/page"}],"author":[{"embeddable":true,"href":"https:\/\/www.dtenergietech.sk\/en\/wp-json\/wp\/v2\/users\/1"}],"replies":[{"embeddable":true,"href":"https:\/\/www.dtenergietech.sk\/en\/wp-json\/wp\/v2\/comments?post=13"}],"version-history":[{"count":91,"href":"https:\/\/www.dtenergietech.sk\/en\/wp-json\/wp\/v2\/pages\/13\/revisions"}],"predecessor-version":[{"id":1284,"href":"https:\/\/www.dtenergietech.sk\/en\/wp-json\/wp\/v2\/pages\/13\/revisions\/1284"}],"wp:attachment":[{"href":"https:\/\/www.dtenergietech.sk\/en\/wp-json\/wp\/v2\/media?parent=13"}],"curies":[{"name":"wp","href":"https:\/\/api.w.org\/{rel}","templated":true}]}}