{"id":16,"date":"2019-09-10T20:38:18","date_gmt":"2019-09-10T18:38:18","guid":{"rendered":"http:\/\/www.dtenergietech.sk\/?page_id=16"},"modified":"2020-03-22T14:05:38","modified_gmt":"2020-03-22T13:05:38","slug":"sluzby","status":"publish","type":"page","link":"https:\/\/www.dtenergietech.sk\/en\/sluzby\/","title":{"rendered":"Services"},"content":{"rendered":"\n<div class=\"wp-block-nextend-smartslider3\"><\/div>\n\n\n\n<div class=\"wp-block-columns alignwide has-2-columns product-columns ref-columns\">\n<div class=\"wp-block-column\">\n<h3 style=\"text-align:left\" id=\"komplexne-sluzby\" class=\"no-margin-top\">KOMPLEXN\u00c9 SLU\u017dBY, DOD\u00c1VKY \u201eNA K\u013d\u00da\u010c\u201c                                                                          V ENERGETIKE<\/h3>\n\n\n\n<figure class=\"wp-block-image\"><img loading=\"lazy\" width=\"466\" height=\"698\" src=\"http:\/\/www.dtenergietech.sk\/wp-content\/uploads\/2019\/10\/Wotan-F31-e1570559481442-466x698.jpg\" alt=\"\" class=\"wp-image-1025\" srcset=\"https:\/\/www.dtenergietech.sk\/wp-content\/uploads\/2019\/10\/Wotan-F31-e1570559481442-466x698.jpg 466w, https:\/\/www.dtenergietech.sk\/wp-content\/uploads\/2019\/10\/Wotan-F31-e1570559481442-200x300.jpg 200w, https:\/\/www.dtenergietech.sk\/wp-content\/uploads\/2019\/10\/Wotan-F31-e1570559481442-768x1151.jpg 768w, https:\/\/www.dtenergietech.sk\/wp-content\/uploads\/2019\/10\/Wotan-F31-e1570559481442-1568x2350.jpg 1568w\" sizes=\"(max-width: 466px) 100vw, 466px\" \/><\/figure>\n\n\n\n<p style=\"font-size:15.5px\" class=\"has-text-color has-light-gray-color\"><strong>DATATHERM <\/strong>pon\u00faka komplexn\u00e9 slu\u017eby, inovat\u00edvne rie\u0161enia a&nbsp;realizuje <strong>projekty na \u201ek\u013e\u00fa\u010d\u201c <\/strong>pre tepl\u00e1rne, centr\u00e1lne mestsk\u00e9 kotolne a&nbsp;priemyseln\u00e9 podniky.<\/p>\n<\/div>\n\n\n\n<div class=\"wp-block-column\">\n<ul class=\"ref-list\"><li><strong>Poradenstvo <\/strong>(n\u00e1vrh technol\u00f3gie, anal\u00fdzy, projektov\u00fd z\u00e1mer, technick\u00e9 rie\u0161enie)<\/li><li><strong>Vypracovanie projektovej dokument\u00e1cie PD<\/strong> (projekt pre stavebn\u00e9 povolenie, realiza\u010dn\u00e1 PD, projekt skutkov\u00e9ho stavu)<\/li><li><strong>Kotly na pevn\u00fa biomasu<\/strong> \u2013 drevn\u00e1 \u0161tiepka, peletky, brikety, slama (teplovodn\u00e9, hor\u00facovodn\u00e9, parn\u00e9)<\/li><li><strong>Kotly na plyn<\/strong> (teplovodn\u00e9, hor\u00facovodn\u00e9, parn\u00e9)<\/li><li><strong>Riadiace syst\u00e9my, syst\u00e9my SCADA a&nbsp;MaR<\/strong><\/li><li><strong>Elektroin\u0161tal\u00e1cie a kabel\u00e1\u017e<\/strong><\/li><li><strong>Syst\u00e9my na kombinovan\u00fa v\u00fdrobu elektriny, tepla a&nbsp;chladu z&nbsp;pevnej biomasy<\/strong> \u2013 drevn\u00e1 \u0161tiepka, peletky, slama (kogener\u00e1cia, trigener\u00e1cia))<\/li><li><strong>Projekty na \u201ek\u013e\u00fa\u010d\u201c<\/strong> v&nbsp;energetike a&nbsp;priemysle (kotolne, tepl\u00e1rne, v\u00fdmenn\u00edkov\u00e9 stanice, tepeln\u00e9 rozvody, elektroin\u0161tal\u00e1cie, kotly, riadiace syst\u00e9my, VZT, TZB)<\/li><li><strong>In\u017einiering<\/strong><\/li><li><strong>Servis a&nbsp;\u00fadr\u017eba<\/strong> (z\u00e1ru\u010dn\u00fd a&nbsp;poz\u00e1ru\u010dn\u00fd servis)<\/li><li><strong>Technick\u00e1 podpora na dia\u013eku<\/strong><\/li><\/ul>\n\n\n\n<p style=\"font-size:15.5px\" class=\"has-text-color has-light-gray-color\"><strong>DATATHERM <\/strong>zamestn\u00e1va profesion\u00e1lny person\u00e1l, vr\u00e1tane projektantov, in\u017einierov a technikov. Po\u010das procesu realiz\u00e1cie projektu spolupracujeme s renomovan\u00fdmi v\u00fdrobcami, ktor\u00ed s\u00fa schopn\u00ed zaru\u010di\u0165 v\u0161etk\u00fdm z\u00e1kazn\u00edkom vysok\u00e9 \u0161tandardy kvality a vynikaj\u00facu \u00farove\u0148 prev\u00e1dzkovej spo\u013eahlivosti. <\/p>\n\n\n\n<h4>POZNATKY ZALO\u017dEN\u00c9 NA SK\u00daSENOSTIACH (In\u0161tal\u00e1cia kotlov, Prev\u00e1dzkovanie tepl\u00e1rne, V\u00fdroba drevnej \u0161tiepky)<\/h4>\n\n\n\n<p style=\"font-size:15.5px\" class=\"has-text-color has-light-gray-color\">Na\u0161e poznatky s\u00fa zalo\u017een\u00e9 na dlhoro\u010dn\u00fdch sk\u00fasenostiach s realiz\u00e1ciou biomasov\u00fdch projektov, dod\u00e1vkou a in\u0161tal\u00e1ciu kotlov na biomasu, prev\u00e1dzkovan\u00edm biomasovej tepl\u00e1rne a riaden\u00edm spolo\u010dnosti na v\u00fdrobu a distrib\u00faciu paliva \u2013 drevnej \u0161tiepky. V\u0161etky tieto procesy s\u00fa realizovan\u00e9 firmami (<a href=\"http:\/\/www.biopalivo.sk\/\" target=\"_blank\" rel=\"noopener noreferrer\">BIOPALIVO, a.s<\/a>, <a href=\"http:\/\/www.termonova.sk\/\" target=\"_blank\" rel=\"noopener noreferrer\">TERMONOVA, a.s.<\/a>) v portf\u00f3liu spolo\u010dnosti <strong>DATATHERM<\/strong>. Z\u00edskan\u00e9 poznatky vyu\u017e\u00edvame pri projektovan\u00ed nov\u00fdch biomasov\u00fdch syst\u00e9mov u na\u0161ich z\u00e1kazn\u00edkov.<\/p>\n<\/div>\n<\/div>\n\n\n\n<hr class=\"wp-block-separator is-style-wide\"\/>\n\n\n\n<div class=\"wp-block-columns alignwide has-2-columns product-columns ref-columns\">\n<div class=\"wp-block-column\">\n<h3 style=\"text-align:left\" id=\"servis-a-udrzba\" class=\"no-margin-top\">SERVIS A&nbsp;\u00daDR\u017dBA, TECHNICK\u00c1 PODPORA<\/h3>\n\n\n\n<figure class=\"wp-block-image\"><img loading=\"lazy\" width=\"821\" height=\"698\" src=\"http:\/\/www.dtenergietech.sk\/wp-content\/uploads\/2019\/10\/20170516_145958-e1570559713502-821x698.jpg\" alt=\"\" class=\"wp-image-1027\" srcset=\"https:\/\/www.dtenergietech.sk\/wp-content\/uploads\/2019\/10\/20170516_145958-e1570559713502-821x698.jpg 821w, https:\/\/www.dtenergietech.sk\/wp-content\/uploads\/2019\/10\/20170516_145958-e1570559713502-300x255.jpg 300w, https:\/\/www.dtenergietech.sk\/wp-content\/uploads\/2019\/10\/20170516_145958-e1570559713502-768x653.jpg 768w, https:\/\/www.dtenergietech.sk\/wp-content\/uploads\/2019\/10\/20170516_145958-e1570559713502-1568x1333.jpg 1568w\" sizes=\"(max-width: 821px) 100vw, 821px\" \/><\/figure>\n\n\n\n<p style=\"font-size:15.5px\" class=\"has-text-color has-light-gray-color\">Predajom a&nbsp;uveden\u00edm kotlov, technologick\u00fdch zariaden\u00ed a produktov starostlivos\u0165 o&nbsp;z\u00e1kazn\u00edkov a&nbsp;kone\u010dn\u00fdch u\u017e\u00edvate\u013eov nekon\u010d\u00ed.<br><br>Poskytujeme odborn\u00e9 poradenstvo, technick\u00fa podporu a&nbsp;servis <strong>24 hod\u00edn denne \/ 7 dn\u00ed v&nbsp;t\u00fd\u017edni.<\/strong><br><br>Pon\u00fakame a&nbsp;dod\u00e1vame origin\u00e1lne n\u00e1hradn\u00e9 diely od renomovan\u00fdch v\u00fdrobcov a&nbsp;dod\u00e1vate\u013eov.<\/p>\n<\/div>\n\n\n\n<div class=\"wp-block-column\">\n<h4>Technick\u00e1 podpora<\/h4>\n\n\n\n<ul class=\"ref-list\"><li>Telefonick\u00e1 podpora po\u010das be\u017enej pracovnej doby<\/li><li>Aktualiz\u00e1cia technickej dokument\u00e1cie v&nbsp;pr\u00edpade realiz\u00e1cie \u00fadr\u017eby, v\u00fdmeny technologick\u00fdch zariaden\u00ed<\/li><li>Skladovanie origin\u00e1lnych n\u00e1hradn\u00fdch dielov, pr\u00edpadne ich okam\u017eit\u00e9 zadanie do v\u00fdroby<\/li><li>Technick\u00e9 n\u00e1vrhy na zv\u00fd\u0161enie efekt\u00edvnosti prev\u00e1dzky a&nbsp;zlep\u0161enie environment\u00e1lnych podmienok v s\u00favislosti s nov\u00fdmi pr\u00e1vnymi predpismi a&nbsp;technol\u00f3giami<\/li><li>Z\u013eavy na origin\u00e1lne n\u00e1hradn\u00e9 diely a hodinov\u00e9 sadzby servisn\u00fdch technikov <\/li><\/ul>\n\n\n\n<h4>Pravideln\u00fd a nepravideln\u00fd servis<\/h4>\n\n\n\n<ul class=\"ref-list\"><li>\u010cistenie v\u0161etk\u00fdch mechanick\u00fdch a pohybliv\u00fdch \u010dast\u00ed kotlov, technol\u00f3gie a&nbsp;zariaden\u00ed MaR<\/li><li>Kontrola a&nbsp;diagnostika mechanick\u00fdch a pohybliv\u00fdch \u010dast\u00ed kotlov, technol\u00f3gie a&nbsp;zariaden\u00ed MaR<\/li><li>Kontrola ro\u0161tov\u00fdch segmentov <\/li><li>Kontrola hydrauliky <\/li><li>Kontrola zariaden\u00ed na \u010distenie a vedenie spal\u00edn <\/li><li>Kontrola prev\u00e1dzkov\u00e9ho stave kotlov\u00e9ho syst\u00e9mu a&nbsp;technol\u00f3gie  a&nbsp;\u00fadr\u017eby tepl\u00e1rne\/v\u00fdhrevne<\/li><li>Nastavenie optim\u00e1lneho procesu spa\u013eovania v&nbsp;kotle<\/li><li>Poradenstvo a&nbsp;n\u00e1vrhy pre vylep\u0161enie prev\u00e1dzky a&nbsp;zabezpe\u010denie maxim\u00e1lnej spo\u013eahlivosti <\/li><li>Poradenstvo pre oper\u00e1tora\/dispe\u010dera syst\u00e9mu a&nbsp;n\u00e1vrhy pre optimaliz\u00e1ciu<\/li><\/ul>\n\n\n\n<h4>Technick\u00e1 podpora a&nbsp;servis na dia\u013eku cez vzdialen\u00fd pr\u00edstup<\/h4>\n\n\n\n<ul class=\"ref-list\"><li>Alarmy textovou spr\u00e1vou na 3 prij\u00edma\u010de<\/li><li>Dia\u013ekov\u00e1 diagnostika funk\u010dnosti technologick\u00fdch zariaden\u00ed a&nbsp;MaR<\/li><li>Komunik\u00e1cia s technikmi <strong>DATATHERM<\/strong> prostredn\u00edctvom bezpe\u010dn\u00e9ho pripojenia VPN*<\/li><\/ul>\n<\/div>\n<\/div>\n\n\n<div id=\"wpgmza_map\" class=\"wpgmza_map\" data-settings='{\"id\":\"1\",\"map_title\":\"main-map\",\"map_width\":\"\",\"map_height\":\"755\",\"map_start_lat\":\"49.217509\",\"map_start_lng\":\"18.838627\",\"map_start_location\":\"49.21750874862844,18.838627322753855\",\"map_start_zoom\":\"13\",\"default_marker\":\"0\",\"type\":\"1\",\"alignment\":\"2\",\"directions_enabled\":\"1\",\"styling_enabled\":\"0\",\"styling_json\":\"\",\"active\":\"0\",\"kml\":\"\",\"bicycle\":\"0\",\"traffic\":\"0\",\"dbox\":\"1\",\"dbox_width\":\"100\",\"listmarkers\":\"0\",\"listmarkers_advanced\":\"0\",\"filterbycat\":\"0\",\"ugm_enabled\":\"0\",\"ugm_category_enabled\":\"0\",\"fusion\":\"\",\"map_width_type\":\"\\\\%\",\"map_height_type\":\"px\",\"mass_marker_support\":\"1\",\"ugm_access\":\"0\",\"order_markers_by\":\"1\",\"order_markers_choice\":\"2\",\"show_user_location\":\"0\",\"default_to\":\"\",\"other_settings\":{\"store_locator_enabled\":2,\"store_locator_distance\":2,\"store_locator_default_radius\":10,\"store_locator_not_found_message\":\"No results found in this location. Please try again.\",\"store_locator_bounce\":1,\"store_locator_query_string\":\"PS\\u010c \\\/ Adresa:\",\"store_locator_default_address\":\"\",\"wpgmza_store_locator_restrict\":\"sk\",\"store_locator_style\":\"modern\",\"wpgmza_store_locator_radius_style\":\"modern\",\"map_max_zoom\":\"1\",\"transport_layer\":0,\"wpgmza_theme_data\":\"[{\\\\\\\"featureType\\\\\\\": \\\\\\\"administrative\\\\\\\",\\\\\\\"elementType\\\\\\\": \\\\\\\"labels.text.fill\\\\\\\",\\\\\\\"stylers\\\\\\\": [{\\\\\\\"color\\\\\\\": \\\\\\\"#444444\\\\\\\"}]},{\\\\\\\"featureType\\\\\\\": \\\\\\\"landscape\\\\\\\",\\\\\\\"elementType\\\\\\\": \\\\\\\"all\\\\\\\",\\\\\\\"stylers\\\\\\\": [{\\\\\\\"color\\\\\\\": \\\\\\\"#f2f2f2\\\\\\\"}]},{\\\\\\\"featureType\\\\\\\": \\\\\\\"poi\\\\\\\",\\\\\\\"elementType\\\\\\\": \\\\\\\"all\\\\\\\",\\\\\\\"stylers\\\\\\\": [{\\\\\\\"visibility\\\\\\\": \\\\\\\"off\\\\\\\"}]},{\\\\\\\"featureType\\\\\\\": \\\\\\\"road\\\\\\\",\\\\\\\"elementType\\\\\\\": \\\\\\\"all\\\\\\\",\\\\\\\"stylers\\\\\\\": [{\\\\\\\"saturation\\\\\\\": -100},{\\\\\\\"lightness\\\\\\\": 45}]},{\\\\\\\"featureType\\\\\\\": \\\\\\\"road.highway\\\\\\\",\\\\\\\"elementType\\\\\\\": \\\\\\\"all\\\\\\\",\\\\\\\"stylers\\\\\\\": [{\\\\\\\"visibility\\\\\\\": \\\\\\\"simplified\\\\\\\"}]},{\\\\\\\"featureType\\\\\\\": \\\\\\\"road.arterial\\\\\\\",\\\\\\\"elementType\\\\\\\": \\\\\\\"labels.icon\\\\\\\",\\\\\\\"stylers\\\\\\\": [{\\\\\\\"visibility\\\\\\\": \\\\\\\"off\\\\\\\"}]},{\\\\\\\"featureType\\\\\\\": \\\\\\\"transit\\\\\\\",\\\\\\\"elementType\\\\\\\": \\\\\\\"all\\\\\\\",\\\\\\\"stylers\\\\\\\": [{\\\\\\\"visibility\\\\\\\": \\\\\\\"off\\\\\\\"}]},{\\\\\\\"featureType\\\\\\\": \\\\\\\"water\\\\\\\",\\\\\\\"elementType\\\\\\\": \\\\\\\"all\\\\\\\",\\\\\\\"stylers\\\\\\\": [{\\\\\\\"color\\\\\\\": \\\\\\\"#46bcec\\\\\\\"},{\\\\\\\"visibility\\\\\\\": \\\\\\\"on\\\\\\\"}]}]\",\"wpgmza_theme_selection\":1,\"wpgmza_show_points_of_interest\":1,\"wpgmza_auto_night\":0}}' data-map-id='1' Data-maps-engine='google-maps' data-shortcode-attributes='{\"id\":\"1\",\"classname\":\"alignfull\"}' class='alignfull' style=\"display:block; overflow:auto; width:%; height:755px; float:left;\"><\/div>","protected":false},"excerpt":{"rendered":"<p>KOMPLEXN\u00c9 SLU\u017dBY, DOD\u00c1VKY \u201eNA K\u013d\u00da\u010c\u201c V ENERGETIKE DATATHERM pon\u00faka komplexn\u00e9 slu\u017eby, inovat\u00edvne rie\u0161enia a&nbsp;realizuje projekty na \u201ek\u013e\u00fa\u010d\u201c pre tepl\u00e1rne, centr\u00e1lne mestsk\u00e9 kotolne a&nbsp;priemyseln\u00e9 podniky. Poradenstvo (n\u00e1vrh technol\u00f3gie, anal\u00fdzy, projektov\u00fd z\u00e1mer, technick\u00e9 rie\u0161enie) Vypracovanie projektovej dokument\u00e1cie PD (projekt pre stavebn\u00e9 povolenie, realiza\u010dn\u00e1 PD, projekt skutkov\u00e9ho stavu) Kotly na pevn\u00fa biomasu \u2013 drevn\u00e1 \u0161tiepka, peletky, brikety, slama &hellip; <\/p>\n<p class=\"link-more\"><a href=\"https:\/\/www.dtenergietech.sk\/en\/sluzby\/\" class=\"more-link\">Continue reading<span class=\"screen-reader-text\"> &#8220;Services&#8221;<\/span><\/a><\/p>\n","protected":false},"author":1,"featured_media":0,"parent":0,"menu_order":4,"comment_status":"closed","ping_status":"closed","template":"","meta":[],"uagb_featured_image_src":{"full":false,"thumbnail":false,"medium":false,"medium_large":false,"large":false,"1536x1536":false,"2048x2048":false,"post-thumbnail":false},"uagb_author_info":{"display_name":"datatherm-admin","author_link":"https:\/\/www.dtenergietech.sk\/en\/author\/datatherm-admin\/"},"uagb_comment_info":0,"uagb_excerpt":"KOMPLEXN\u00c9 SLU\u017dBY, DOD\u00c1VKY \u201eNA K\u013d\u00da\u010c\u201c V ENERGETIKE DATATHERM pon\u00faka komplexn\u00e9 slu\u017eby, inovat\u00edvne rie\u0161enia a&nbsp;realizuje projekty na \u201ek\u013e\u00fa\u010d\u201c pre tepl\u00e1rne, centr\u00e1lne mestsk\u00e9 kotolne a&nbsp;priemyseln\u00e9 podniky. Poradenstvo (n\u00e1vrh technol\u00f3gie, anal\u00fdzy, projektov\u00fd z\u00e1mer, technick\u00e9 rie\u0161enie) Vypracovanie projektovej dokument\u00e1cie PD (projekt pre stavebn\u00e9 povolenie, realiza\u010dn\u00e1 PD, projekt skutkov\u00e9ho stavu) Kotly na pevn\u00fa biomasu \u2013 drevn\u00e1 \u0161tiepka, peletky, brikety, slama&hellip;","_links":{"self":[{"href":"https:\/\/www.dtenergietech.sk\/en\/wp-json\/wp\/v2\/pages\/16"}],"collection":[{"href":"https:\/\/www.dtenergietech.sk\/en\/wp-json\/wp\/v2\/pages"}],"about":[{"href":"https:\/\/www.dtenergietech.sk\/en\/wp-json\/wp\/v2\/types\/page"}],"author":[{"embeddable":true,"href":"https:\/\/www.dtenergietech.sk\/en\/wp-json\/wp\/v2\/users\/1"}],"replies":[{"embeddable":true,"href":"https:\/\/www.dtenergietech.sk\/en\/wp-json\/wp\/v2\/comments?post=16"}],"version-history":[{"count":35,"href":"https:\/\/www.dtenergietech.sk\/en\/wp-json\/wp\/v2\/pages\/16\/revisions"}],"predecessor-version":[{"id":1296,"href":"https:\/\/www.dtenergietech.sk\/en\/wp-json\/wp\/v2\/pages\/16\/revisions\/1296"}],"wp:attachment":[{"href":"https:\/\/www.dtenergietech.sk\/en\/wp-json\/wp\/v2\/media?parent=16"}],"curies":[{"name":"wp","href":"https:\/\/api.w.org\/{rel}","templated":true}]}}