{"id":19,"date":"2019-09-10T20:38:42","date_gmt":"2019-09-10T18:38:42","guid":{"rendered":"http:\/\/www.dtenergietech.sk\/?page_id=19"},"modified":"2020-03-22T14:06:11","modified_gmt":"2020-03-22T13:06:11","slug":"referencie","status":"publish","type":"page","link":"https:\/\/www.dtenergietech.sk\/en\/referencie\/","title":{"rendered":"References"},"content":{"rendered":"\n<div class=\"wp-block-nextend-smartslider3\"><\/div>\n\n\n\n<h2>NA\u0160E NAJV\u00c4\u010c\u0160IE PROJEKTY<\/h2>\n\n\n\n<p style=\"font-size:15.5px\" class=\"has-text-color has-light-gray-color ref-margin-bottom-small\"> \u00daspe\u0161ne zrealizovan\u00e9 projekty v&nbsp;energetike a&nbsp;priemysle na Slovensku a&nbsp;v zahrani\u010d\u00ed <\/p>\n\n\n\n\t\t\t<div class=\"uagb-post-grid ref-card uagb-post__image-position-top uagb-block-8a372c6b-7949-445e-b590-831dd7ad1260   \" data-total=\"1\">\n\n\t\t\t\t<div class=\"uagb-post__items uagb-post__columns-4 is-grid uagb-post__columns-tablet-2 uagb-post__columns-mobile-1 uagb-post__equal-height\">\n\n\t\t\t\t\t\t\t\t<article >\n\t\t\t\t\t\t\t\t\t\t<div class=\"uagb-post__inner-wrap\">\n\t\t\t\t\t\t\t\t\t\t\t\t\t\t\t<div class='uagb-post__image'>\n\t\t\t\t<a href=\"https:\/\/www.dtenergietech.sk\/en\/2019\/09\/18\/komterm-a-s-2013-2014\/\" target=\"_self\" rel=\"bookmark noopener noreferrer\"><img width=\"450\" height=\"350\" src=\"https:\/\/www.dtenergietech.sk\/wp-content\/uploads\/2019\/09\/Ref_Kogen_Koprivnice_Parn\u00fd-kotol6-450x350.jpg\" class=\"attachment-thumbnail size-thumbnail\" alt=\"\" loading=\"lazy\" sizes=\"(max-width: 34.9rem) calc(100vw - 2rem), (max-width: 53rem) calc(8 * (100vw \/ 12)), (min-width: 53rem) calc(6 * (100vw \/ 12)), 100vw\" \/>\t\t\t\t<\/a>\n\t\t\t<\/div>\n\t\t\t\t\t\t<div class='uagb-post__text'> \n\t\t\t\t<h5 class=\"uagb-post__title\">\n\t\t\t\t\t<a href=\"https:\/\/www.dtenergietech.sk\/en\/2019\/09\/18\/komterm-a-s-2013-2014\/\" target=\"_self\" rel=\"bookmark noopener noreferrer\">KOGENER\u00c1CIA NA B\u00c1ZE BIOMASY &#8211; 586 kWe, \u010cesk\u00e1 republika<\/a>\n\t\t\t\t<\/h5>\n\t\t\t<\/div>\n\t\t\t\t\t\t<div class='uagb-post__text'> \n\t\t\t<div class=\"uagb-post-grid-byline\">\n\t\t\t\t\t\t\t<\/div>\n\t\t\t<\/div>\n\t\t\t\t\t\t\t<div class='uagb-post__text'> \n\t\t\t\t\t<div class=\"uagb-post__excerpt\">\n\t\t\t\t\t\t[:sk]\nV\u00fdstavba a dod\u00e1vka kompletnej technol\u00f3gie zdroja &#8211; parn\u00fd kotol 15t\/h na drevn\u00fa \u0161tiepku \u2026\t\t\t\t\t<\/div>\n\t\t\t<\/div>\n\t\t\t\t\t\t\t\t<\/div>\n\t\t\t\t\t\t\t\t\t<\/article>\n\t\t\t\t\t\t\t\t<article >\n\t\t\t\t\t\t\t\t\t\t<div class=\"uagb-post__inner-wrap\">\n\t\t\t\t\t\t\t\t\t\t\t\t\t\t\t<div class='uagb-post__image'>\n\t\t\t\t<a href=\"https:\/\/www.dtenergietech.sk\/en\/2019\/09\/16\/termonova-a-s-2010-2011\/\" target=\"_self\" rel=\"bookmark noopener noreferrer\"><img width=\"450\" height=\"350\" src=\"https:\/\/www.dtenergietech.sk\/wp-content\/uploads\/2019\/09\/Ref_Termonova_kogeneracia2-450x350.jpg\" class=\"attachment-thumbnail size-thumbnail\" alt=\"\" loading=\"lazy\" sizes=\"(max-width: 34.9rem) calc(100vw - 2rem), (max-width: 53rem) calc(8 * (100vw \/ 12)), (min-width: 53rem) calc(6 * (100vw \/ 12)), 100vw\" \/>\t\t\t\t<\/a>\n\t\t\t<\/div>\n\t\t\t\t\t\t<div class='uagb-post__text'> \n\t\t\t\t<h5 class=\"uagb-post__title\">\n\t\t\t\t\t<a href=\"https:\/\/www.dtenergietech.sk\/en\/2019\/09\/16\/termonova-a-s-2010-2011\/\" target=\"_self\" rel=\"bookmark noopener noreferrer\">KOGENER\u00c1CIA NA B\u00c1ZE BIOMASY \u2013 2,2  MWel, Slovensko<\/a>\n\t\t\t\t<\/h5>\n\t\t\t<\/div>\n\t\t\t\t\t\t<div class='uagb-post__text'> \n\t\t\t<div class=\"uagb-post-grid-byline\">\n\t\t\t\t\t\t\t<\/div>\n\t\t\t<\/div>\n\t\t\t\t\t\t\t<div class='uagb-post__text'> \n\t\t\t\t\t<div class=\"uagb-post__excerpt\">\n\t\t\t\t\t\tV\u00fdstavba a dod\u00e1vka kompletn\u00e9ho zdroja &#8211; parn\u00fd kotol na odpadov\u00fa drevn\u00fa \u0161tiepku, turb\u00edna\n\n\n\n\n\n\n\nTERMONOVA, \u2026\t\t\t\t\t<\/div>\n\t\t\t<\/div>\n\t\t\t\t\t\t\t\t<\/div>\n\t\t\t\t\t\t\t\t\t<\/article>\n\t\t\t\t\t\t\t\t<article >\n\t\t\t\t\t\t\t\t\t\t<div class=\"uagb-post__inner-wrap\">\n\t\t\t\t\t\t\t\t\t\t\t\t\t\t\t<div class='uagb-post__image'>\n\t\t\t\t<a href=\"https:\/\/www.dtenergietech.sk\/en\/2019\/09\/15\/wotan-forest-a-s-2017-2018\/\" target=\"_self\" rel=\"bookmark noopener noreferrer\"><img width=\"450\" height=\"350\" src=\"https:\/\/www.dtenergietech.sk\/wp-content\/uploads\/2019\/09\/Wotan-F_Panorama2-450x350.jpg\" class=\"attachment-thumbnail size-thumbnail\" alt=\"\" loading=\"lazy\" sizes=\"(max-width: 34.9rem) calc(100vw - 2rem), (max-width: 53rem) calc(8 * (100vw \/ 12)), (min-width: 53rem) calc(6 * (100vw \/ 12)), 100vw\" \/>\t\t\t\t<\/a>\n\t\t\t<\/div>\n\t\t\t\t\t\t<div class='uagb-post__text'> \n\t\t\t\t<h5 class=\"uagb-post__title\">\n\t\t\t\t\t<a href=\"https:\/\/www.dtenergietech.sk\/en\/2019\/09\/15\/wotan-forest-a-s-2017-2018\/\" target=\"_self\" rel=\"bookmark noopener noreferrer\">ENERGETICK\u00dd ZDROJ NA DREVN\u00da \u0160TIEPKU &#8211; 15 t\/h, \u010cesk\u00e1 republika<\/a>\n\t\t\t\t<\/h5>\n\t\t\t<\/div>\n\t\t\t\t\t\t<div class='uagb-post__text'> \n\t\t\t<div class=\"uagb-post-grid-byline\">\n\t\t\t\t\t\t\t<\/div>\n\t\t\t<\/div>\n\t\t\t\t\t\t\t<div class='uagb-post__text'> \n\t\t\t\t\t<div class=\"uagb-post__excerpt\">\n\t\t\t\t\t\tEkologiz\u00e1cia energetick\u00e9ho zdroja Wotan Forest, are\u00e1l Solnice\n\n\n\n\n\n\n\nWotan Forest, a.s. 2017 &#8211; 2018\n\n\n\nMiesto realiz\u00e1cie\n\n\n\n \u2026\t\t\t\t\t<\/div>\n\t\t\t<\/div>\n\t\t\t\t\t\t\t\t<\/div>\n\t\t\t\t\t\t\t\t\t<\/article>\n\t\t\t\t\t\t\t\t<article >\n\t\t\t\t\t\t\t\t\t\t<div class=\"uagb-post__inner-wrap\">\n\t\t\t\t\t\t\t\t\t\t\t\t\t\t\t<div class='uagb-post__image'>\n\t\t\t\t<a href=\"https:\/\/www.dtenergietech.sk\/en\/2019\/09\/15\/ikea-industry-slovakia-sr-o-o-z-trnava-2016-2017\/\" target=\"_self\" rel=\"bookmark noopener noreferrer\"><img width=\"450\" height=\"350\" src=\"https:\/\/www.dtenergietech.sk\/wp-content\/uploads\/2019\/09\/Ref_Biomasa_IKEA-Trnava_4-450x350.jpg\" class=\"attachment-thumbnail size-thumbnail\" alt=\"\" loading=\"lazy\" sizes=\"(max-width: 34.9rem) calc(100vw - 2rem), (max-width: 53rem) calc(8 * (100vw \/ 12)), (min-width: 53rem) calc(6 * (100vw \/ 12)), 100vw\" \/>\t\t\t\t<\/a>\n\t\t\t<\/div>\n\t\t\t\t\t\t<div class='uagb-post__text'> \n\t\t\t\t<h5 class=\"uagb-post__title\">\n\t\t\t\t\t<a href=\"https:\/\/www.dtenergietech.sk\/en\/2019\/09\/15\/ikea-industry-slovakia-sr-o-o-z-trnava-2016-2017\/\" target=\"_self\" rel=\"bookmark noopener noreferrer\">KOMPLETN\u00c1 DOD\u00c1VKA ZDROJA NA \u0160TIEPKU, DREVN\u00dd PRACH, Slovensko<\/a>\n\t\t\t\t<\/h5>\n\t\t\t<\/div>\n\t\t\t\t\t\t<div class='uagb-post__text'> \n\t\t\t<div class=\"uagb-post-grid-byline\">\n\t\t\t\t\t\t\t<\/div>\n\t\t\t<\/div>\n\t\t\t\t\t\t\t<div class='uagb-post__text'> \n\t\t\t\t\t<div class=\"uagb-post__excerpt\">\n\t\t\t\t\t\tDod\u00e1vka a mont\u00e1\u017e hor\u00facovodn\u00e9ho kotla &#8211; 1,3 MW, Filtra\u010dn\u00e9ho zariadenia,   riadiaceho \u2026\t\t\t\t\t<\/div>\n\t\t\t<\/div>\n\t\t\t\t\t\t\t\t<\/div>\n\t\t\t\t\t\t\t\t\t<\/article>\n\t\t\t\t\t\t\t\t<article >\n\t\t\t\t\t\t\t\t\t\t<div class=\"uagb-post__inner-wrap\">\n\t\t\t\t\t\t\t\t\t\t\t\t\t\t\t<div class='uagb-post__image'>\n\t\t\t\t<a href=\"https:\/\/www.dtenergietech.sk\/en\/2019\/09\/16\/ikea-industry-poland-sp-z-o-o-2013-2014\/\" target=\"_self\" rel=\"bookmark noopener noreferrer\"><img width=\"450\" height=\"350\" src=\"https:\/\/www.dtenergietech.sk\/wp-content\/uploads\/2019\/09\/Ref_Biomasa_Ikea-Polsko_11-450x350.jpg\" class=\"attachment-thumbnail size-thumbnail\" alt=\"\" loading=\"lazy\" sizes=\"(max-width: 34.9rem) calc(100vw - 2rem), (max-width: 53rem) calc(8 * (100vw \/ 12)), (min-width: 53rem) calc(6 * (100vw \/ 12)), 100vw\" \/>\t\t\t\t<\/a>\n\t\t\t<\/div>\n\t\t\t\t\t\t<div class='uagb-post__text'> \n\t\t\t\t<h5 class=\"uagb-post__title\">\n\t\t\t\t\t<a href=\"https:\/\/www.dtenergietech.sk\/en\/2019\/09\/16\/ikea-industry-poland-sp-z-o-o-2013-2014\/\" target=\"_self\" rel=\"bookmark noopener noreferrer\">KOTOL\u0147A NA BIOMASU, 10 MW, Po\u013esko<\/a>\n\t\t\t\t<\/h5>\n\t\t\t<\/div>\n\t\t\t\t\t\t<div class='uagb-post__text'> \n\t\t\t<div class=\"uagb-post-grid-byline\">\n\t\t\t\t\t\t\t<\/div>\n\t\t\t<\/div>\n\t\t\t\t\t\t\t<div class='uagb-post__text'> \n\t\t\t\t\t<div class=\"uagb-post__excerpt\">\n\t\t\t\t\t\tDemont\u00e1\u017e a komplexn\u00e1 v\u00fdstavba st\u00e1vaj\u00facej technol\u00f3gie zdroja na drevn\u00fa \u0161tiepku, Elektro filtra a \u2026\t\t\t\t\t<\/div>\n\t\t\t<\/div>\n\t\t\t\t\t\t\t\t<\/div>\n\t\t\t\t\t\t\t\t\t<\/article>\n\t\t\t\t\t\t\t\t<article >\n\t\t\t\t\t\t\t\t\t\t<div class=\"uagb-post__inner-wrap\">\n\t\t\t\t\t\t\t\t\t\t\t\t\t\t\t<div class='uagb-post__image'>\n\t\t\t\t<a href=\"https:\/\/www.dtenergietech.sk\/en\/2019\/09\/18\/komterm-slovensko-a-s-2009\/\" target=\"_self\" rel=\"bookmark noopener noreferrer\"><img width=\"450\" height=\"350\" src=\"https:\/\/www.dtenergietech.sk\/wp-content\/uploads\/2019\/09\/Ref_Komterm_Nizna7-450x350.jpg\" class=\"attachment-thumbnail size-thumbnail\" alt=\"\" loading=\"lazy\" sizes=\"(max-width: 34.9rem) calc(100vw - 2rem), (max-width: 53rem) calc(8 * (100vw \/ 12)), (min-width: 53rem) calc(6 * (100vw \/ 12)), 100vw\" \/>\t\t\t\t<\/a>\n\t\t\t<\/div>\n\t\t\t\t\t\t<div class='uagb-post__text'> \n\t\t\t\t<h5 class=\"uagb-post__title\">\n\t\t\t\t\t<a href=\"https:\/\/www.dtenergietech.sk\/en\/2019\/09\/18\/komterm-slovensko-a-s-2009\/\" target=\"_self\" rel=\"bookmark noopener noreferrer\">ENERGETICK\u00dd ZDROJ NA DREVN\u00da \u0160TIEPKU, 8 MW + 4 MW, Slovensk\u00e1 republika<\/a>\n\t\t\t\t<\/h5>\n\t\t\t<\/div>\n\t\t\t\t\t\t<div class='uagb-post__text'> \n\t\t\t<div class=\"uagb-post-grid-byline\">\n\t\t\t\t\t\t\t<\/div>\n\t\t\t<\/div>\n\t\t\t\t\t\t\t<div class='uagb-post__text'> \n\t\t\t\t\t<div class=\"uagb-post__excerpt\">\n\t\t\t\t\t\tZmena palivovej z\u00e1kladne \u2013 In\u0161tal\u00e1cia hor\u00facovodn\u00fdch kotlov na drevn\u00fa \u0161tiepku, Ni\u017en\u00e1\n\n\n\n\n\n\n\nKOMTERM, a.s.2009-2010\n\n\n\nMiesto realiz\u00e1cie\n\n\n\n \u2026\t\t\t\t\t<\/div>\n\t\t\t<\/div>\n\t\t\t\t\t\t\t\t<\/div>\n\t\t\t\t\t\t\t\t\t<\/article>\n\t\t\t\t\t\t\t\t<article >\n\t\t\t\t\t\t\t\t\t\t<div class=\"uagb-post__inner-wrap\">\n\t\t\t\t\t\t\t\t\t\t\t\t\t\t\t<div class='uagb-post__image'>\n\t\t\t\t<a href=\"https:\/\/www.dtenergietech.sk\/en\/2019\/09\/15\/justsen-energetikenik-a-s-2013-2017\/\" target=\"_self\" rel=\"bookmark noopener noreferrer\"><img width=\"450\" height=\"350\" src=\"https:\/\/www.dtenergietech.sk\/wp-content\/uploads\/2019\/09\/02-450x350.jpg\" class=\"attachment-thumbnail size-thumbnail\" alt=\"\" loading=\"lazy\" sizes=\"(max-width: 34.9rem) calc(100vw - 2rem), (max-width: 53rem) calc(8 * (100vw \/ 12)), (min-width: 53rem) calc(6 * (100vw \/ 12)), 100vw\" \/>\t\t\t\t<\/a>\n\t\t\t<\/div>\n\t\t\t\t\t\t<div class='uagb-post__text'> \n\t\t\t\t<h5 class=\"uagb-post__title\">\n\t\t\t\t\t<a href=\"https:\/\/www.dtenergietech.sk\/en\/2019\/09\/15\/justsen-energetikenik-a-s-2013-2017\/\" target=\"_self\" rel=\"bookmark noopener noreferrer\">ENERGETICK\u00c9 ZDROJE NA BIOMASU, TECHNICK\u00c1 PODPORA, Loty\u0161sko, Litva<\/a>\n\t\t\t\t<\/h5>\n\t\t\t<\/div>\n\t\t\t\t\t\t<div class='uagb-post__text'> \n\t\t\t<div class=\"uagb-post-grid-byline\">\n\t\t\t\t\t\t\t<\/div>\n\t\t\t<\/div>\n\t\t\t\t\t\t\t<div class='uagb-post__text'> \n\t\t\t\t\t<div class=\"uagb-post__excerpt\">\n\t\t\t\t\t\tTechnick\u00e1 podpora &#8211; uvedenie kotlov         \u2026\t\t\t\t\t<\/div>\n\t\t\t<\/div>\n\t\t\t\t\t\t\t\t<\/div>\n\t\t\t\t\t\t\t\t\t<\/article>\n\t\t\t\t\t\t\t\t<article >\n\t\t\t\t\t\t\t\t\t\t<div class=\"uagb-post__inner-wrap\">\n\t\t\t\t\t\t\t\t\t\t\t\t\t\t\t<div class='uagb-post__image'>\n\t\t\t\t<a href=\"https:\/\/www.dtenergietech.sk\/en\/2019\/09\/15\/komterm-energy-s-r-o-2018\/\" target=\"_self\" rel=\"bookmark noopener noreferrer\"><img width=\"450\" height=\"350\" src=\"https:\/\/www.dtenergietech.sk\/wp-content\/uploads\/2019\/09\/Ref_Plyn_VysMyto_A2_5-450x350.jpg\" class=\"attachment-thumbnail size-thumbnail\" alt=\"\" loading=\"lazy\" sizes=\"(max-width: 34.9rem) calc(100vw - 2rem), (max-width: 53rem) calc(8 * (100vw \/ 12)), (min-width: 53rem) calc(6 * (100vw \/ 12)), 100vw\" \/>\t\t\t\t<\/a>\n\t\t\t<\/div>\n\t\t\t\t\t\t<div class='uagb-post__text'> \n\t\t\t\t<h5 class=\"uagb-post__title\">\n\t\t\t\t\t<a href=\"https:\/\/www.dtenergietech.sk\/en\/2019\/09\/15\/komterm-energy-s-r-o-2018\/\" target=\"_self\" rel=\"bookmark noopener noreferrer\">KOTOL\u0147A NA PLYN &#8211; 20 t\/h, \u010cesk\u00e1 republika<\/a>\n\t\t\t\t<\/h5>\n\t\t\t<\/div>\n\t\t\t\t\t\t<div class='uagb-post__text'> \n\t\t\t<div class=\"uagb-post-grid-byline\">\n\t\t\t\t\t\t\t<\/div>\n\t\t\t<\/div>\n\t\t\t\t\t\t\t<div class='uagb-post__text'> \n\t\t\t\t\t<div class=\"uagb-post__excerpt\">\n\t\t\t\t\t\tDod\u00e1vka \u010dast\u00ed technol\u00f3gie, kompletiz\u00e1cia a celkov\u00e9 sprev\u00e1dzkovanie technol\u00f3gie plynovej kotolne A2 s celkov\u00fdm \u2026\t\t\t\t\t<\/div>\n\t\t\t<\/div>\n\t\t\t\t\t\t\t\t<\/div>\n\t\t\t\t\t\t\t\t\t<\/article>\n\t\t\t\t\t\t\t\t<article >\n\t\t\t\t\t\t\t\t\t\t<div class=\"uagb-post__inner-wrap\">\n\t\t\t\t\t\t\t\t\t\t\t\t\t\t\t<div class='uagb-post__image'>\n\t\t\t\t<a href=\"https:\/\/www.dtenergietech.sk\/en\/2019\/09\/26\/komterm-energy-s-r-o-2018-2\/\" target=\"_self\" rel=\"bookmark noopener noreferrer\"><img width=\"450\" height=\"350\" src=\"https:\/\/www.dtenergietech.sk\/wp-content\/uploads\/2019\/09\/Ref_plyn_VysMyto_A1_9-450x350.jpg\" class=\"attachment-thumbnail size-thumbnail\" alt=\"\" loading=\"lazy\" sizes=\"(max-width: 34.9rem) calc(100vw - 2rem), (max-width: 53rem) calc(8 * (100vw \/ 12)), (min-width: 53rem) calc(6 * (100vw \/ 12)), 100vw\" \/>\t\t\t\t<\/a>\n\t\t\t<\/div>\n\t\t\t\t\t\t<div class='uagb-post__text'> \n\t\t\t\t<h5 class=\"uagb-post__title\">\n\t\t\t\t\t<a href=\"https:\/\/www.dtenergietech.sk\/en\/2019\/09\/26\/komterm-energy-s-r-o-2018-2\/\" target=\"_self\" rel=\"bookmark noopener noreferrer\">KOTOL\u0147A NA PLYN \u2013 8 t\/h, \u010cesk\u00e1 republika<\/a>\n\t\t\t\t<\/h5>\n\t\t\t<\/div>\n\t\t\t\t\t\t<div class='uagb-post__text'> \n\t\t\t<div class=\"uagb-post-grid-byline\">\n\t\t\t\t\t\t\t<\/div>\n\t\t\t<\/div>\n\t\t\t\t\t\t\t<div class='uagb-post__text'> \n\t\t\t\t\t<div class=\"uagb-post__excerpt\">\n\t\t\t\t\t\tDod\u00e1vka \u010dast\u00ed technol\u00f3gie, kompletiz\u00e1cia a uvedenie do prev\u00e1dzky technol\u00f3gie plynovej kotolne A1 s \u2026\t\t\t\t\t<\/div>\n\t\t\t<\/div>\n\t\t\t\t\t\t\t\t<\/div>\n\t\t\t\t\t\t\t\t\t<\/article>\n\t\t\t\t\t\t\t\t<article >\n\t\t\t\t\t\t\t\t\t\t<div class=\"uagb-post__inner-wrap\">\n\t\t\t\t\t\t\t\t\t\t\t\t\t\t\t<div class='uagb-post__image'>\n\t\t\t\t<a href=\"https:\/\/www.dtenergietech.sk\/en\/2019\/09\/26\/komterm-energy-s-r-o-2017\/\" target=\"_self\" rel=\"bookmark noopener noreferrer\"><img width=\"450\" height=\"350\" src=\"https:\/\/www.dtenergietech.sk\/wp-content\/uploads\/2019\/09\/Ref_Ine_KOMTERM_Filter_7-e1569531665814-450x350.jpg\" class=\"attachment-thumbnail size-thumbnail\" alt=\"\" loading=\"lazy\" sizes=\"(max-width: 34.9rem) calc(100vw - 2rem), (max-width: 53rem) calc(8 * (100vw \/ 12)), (min-width: 53rem) calc(6 * (100vw \/ 12)), 100vw\" \/>\t\t\t\t<\/a>\n\t\t\t<\/div>\n\t\t\t\t\t\t<div class='uagb-post__text'> \n\t\t\t\t<h5 class=\"uagb-post__title\">\n\t\t\t\t\t<a href=\"https:\/\/www.dtenergietech.sk\/en\/2019\/09\/26\/komterm-energy-s-r-o-2017\/\" target=\"_self\" rel=\"bookmark noopener noreferrer\">ELEKTRO FILTER, \u010cesk\u00e1 republika<\/a>\n\t\t\t\t<\/h5>\n\t\t\t<\/div>\n\t\t\t\t\t\t<div class='uagb-post__text'> \n\t\t\t<div class=\"uagb-post-grid-byline\">\n\t\t\t\t\t\t\t<\/div>\n\t\t\t<\/div>\n\t\t\t\t\t\t\t<div class='uagb-post__text'> \n\t\t\t\t\t<div class=\"uagb-post__excerpt\">\n\t\t\t\t\t\tDod\u00e1vka a mont\u00e1\u017e elektrostatick\u00e9ho filtra\n\n\n\n\n\n\n\n2017\n\n\n\nMiesto realiz\u00e1cie\n\n\n\nJind\u0159ich\u016fv Hradec (\u010cesk\u00e1 republika)\n\n\n\n\n\n\n\n\n\n\n\n\n\nRozsah dod\u00e1vok a pr\u00e1c\n\n\n\n Dod\u00e1vka \u2026\t\t\t\t\t<\/div>\n\t\t\t<\/div>\n\t\t\t\t\t\t\t\t<\/div>\n\t\t\t\t\t\t\t\t\t<\/article>\n\t\t\t\t\t\t\t\t<article >\n\t\t\t\t\t\t\t\t\t\t<div class=\"uagb-post__inner-wrap\">\n\t\t\t\t\t\t\t\t\t\t\t\t\t\t\t<div class='uagb-post__image'>\n\t\t\t\t<a href=\"https:\/\/www.dtenergietech.sk\/en\/2019\/09\/26\/ckd-dukla-montaze-s-r-o-2015\/\" target=\"_self\" rel=\"bookmark noopener noreferrer\"><img width=\"450\" height=\"350\" src=\"https:\/\/www.dtenergietech.sk\/wp-content\/uploads\/2019\/09\/Ref.CKD_Rozvody6-450x350.jpg\" class=\"attachment-thumbnail size-thumbnail\" alt=\"\" loading=\"lazy\" sizes=\"(max-width: 34.9rem) calc(100vw - 2rem), (max-width: 53rem) calc(8 * (100vw \/ 12)), (min-width: 53rem) calc(6 * (100vw \/ 12)), 100vw\" \/>\t\t\t\t<\/a>\n\t\t\t<\/div>\n\t\t\t\t\t\t<div class='uagb-post__text'> \n\t\t\t\t<h5 class=\"uagb-post__title\">\n\t\t\t\t\t<a href=\"https:\/\/www.dtenergietech.sk\/en\/2019\/09\/26\/ckd-dukla-montaze-s-r-o-2015\/\" target=\"_self\" rel=\"bookmark noopener noreferrer\">TEPELN\u00c9 ROZVODY &#8211; REKON\u0160TRUKCIA, Slovensk\u00e1 republika<\/a>\n\t\t\t\t<\/h5>\n\t\t\t<\/div>\n\t\t\t\t\t\t<div class='uagb-post__text'> \n\t\t\t<div class=\"uagb-post-grid-byline\">\n\t\t\t\t\t\t\t<\/div>\n\t\t\t<\/div>\n\t\t\t\t\t\t\t<div class='uagb-post__text'> \n\t\t\t\t\t<div class=\"uagb-post__excerpt\">\n\t\t\t\t\t\tRekon\u0161trukcia tepeln\u00fdch rozvodov v Meste Nov\u00e1 Dubnica\n\n\n\n\n\n\n\nTERMONOVA,a.s2015\n\n\n\nMiesto realiz\u00e1cie\n\n\n\nNov\u00e1 Dubnica (Slovensko)\n\n\n\n\n\n\n\n\n\n\n\n\n\nRozsah dod\u00e1vok a pr\u00e1c\n\n\n\nRekon\u0161trukcia \u2026\t\t\t\t\t<\/div>\n\t\t\t<\/div>\n\t\t\t\t\t\t\t\t<\/div>\n\t\t\t\t\t\t\t\t\t<\/article>\n\t\t\t\t\t\t\t\t<article >\n\t\t\t\t\t\t\t\t\t\t<div class=\"uagb-post__inner-wrap\">\n\t\t\t\t\t\t\t\t\t\t\t\t\t\t\t<div class='uagb-post__image'>\n\t\t\t\t<a href=\"https:\/\/www.dtenergietech.sk\/en\/2019\/09\/26\/termonova-a-s-2018-2019\/\" target=\"_self\" rel=\"bookmark noopener noreferrer\"><img width=\"450\" height=\"350\" src=\"https:\/\/www.dtenergietech.sk\/wp-content\/uploads\/2019\/09\/Ref_OST_Termonova_4-450x350.jpg\" class=\"attachment-thumbnail size-thumbnail\" alt=\"\" loading=\"lazy\" sizes=\"(max-width: 34.9rem) calc(100vw - 2rem), (max-width: 53rem) calc(8 * (100vw \/ 12)), (min-width: 53rem) calc(6 * (100vw \/ 12)), 100vw\" \/>\t\t\t\t<\/a>\n\t\t\t<\/div>\n\t\t\t\t\t\t<div class='uagb-post__text'> \n\t\t\t\t<h5 class=\"uagb-post__title\">\n\t\t\t\t\t<a href=\"https:\/\/www.dtenergietech.sk\/en\/2019\/09\/26\/termonova-a-s-2018-2019\/\" target=\"_self\" rel=\"bookmark noopener noreferrer\">MODERNIZ\u00c1CIA OST, mesto NOV\u00c1 DUBNICA, Slovensk\u00e1 republika<\/a>\n\t\t\t\t<\/h5>\n\t\t\t<\/div>\n\t\t\t\t\t\t<div class='uagb-post__text'> \n\t\t\t<div class=\"uagb-post-grid-byline\">\n\t\t\t\t\t\t\t<\/div>\n\t\t\t<\/div>\n\t\t\t\t\t\t\t<div class='uagb-post__text'> \n\t\t\t\t\t<div class=\"uagb-post__excerpt\">\n\t\t\t\t\t\tModerniz\u00e1cia a v\u00fdmena technol\u00f3gie  OST (115 ks) v&nbsp;meste Nov\u00e1 Dubnica, Zmena z \u2026\t\t\t\t\t<\/div>\n\t\t\t<\/div>\n\t\t\t\t\t\t\t\t<\/div>\n\t\t\t\t\t\t\t\t\t<\/article>\n\t\t\t\t\t\t\t\t<\/div>\n\t\t\t\t\t\t\t<\/div>\n\t\t\t\n\n<div id=\"wpgmza_map\" class=\"wpgmza_map\" data-settings='{\"id\":\"1\",\"map_title\":\"main-map\",\"map_width\":\"\",\"map_height\":\"755\",\"map_start_lat\":\"49.217509\",\"map_start_lng\":\"18.838627\",\"map_start_location\":\"49.21750874862844,18.838627322753855\",\"map_start_zoom\":\"13\",\"default_marker\":\"0\",\"type\":\"1\",\"alignment\":\"2\",\"directions_enabled\":\"1\",\"styling_enabled\":\"0\",\"styling_json\":\"\",\"active\":\"0\",\"kml\":\"\",\"bicycle\":\"0\",\"traffic\":\"0\",\"dbox\":\"1\",\"dbox_width\":\"100\",\"listmarkers\":\"0\",\"listmarkers_advanced\":\"0\",\"filterbycat\":\"0\",\"ugm_enabled\":\"0\",\"ugm_category_enabled\":\"0\",\"fusion\":\"\",\"map_width_type\":\"\\\\%\",\"map_height_type\":\"px\",\"mass_marker_support\":\"1\",\"ugm_access\":\"0\",\"order_markers_by\":\"1\",\"order_markers_choice\":\"2\",\"show_user_location\":\"0\",\"default_to\":\"\",\"other_settings\":{\"store_locator_enabled\":2,\"store_locator_distance\":2,\"store_locator_default_radius\":10,\"store_locator_not_found_message\":\"No results found in this location. Please try again.\",\"store_locator_bounce\":1,\"store_locator_query_string\":\"PS\\u010c \\\/ Adresa:\",\"store_locator_default_address\":\"\",\"wpgmza_store_locator_restrict\":\"sk\",\"store_locator_style\":\"modern\",\"wpgmza_store_locator_radius_style\":\"modern\",\"map_max_zoom\":\"1\",\"transport_layer\":0,\"wpgmza_theme_data\":\"[{\\\\\\\"featureType\\\\\\\": \\\\\\\"administrative\\\\\\\",\\\\\\\"elementType\\\\\\\": \\\\\\\"labels.text.fill\\\\\\\",\\\\\\\"stylers\\\\\\\": [{\\\\\\\"color\\\\\\\": \\\\\\\"#444444\\\\\\\"}]},{\\\\\\\"featureType\\\\\\\": \\\\\\\"landscape\\\\\\\",\\\\\\\"elementType\\\\\\\": \\\\\\\"all\\\\\\\",\\\\\\\"stylers\\\\\\\": [{\\\\\\\"color\\\\\\\": \\\\\\\"#f2f2f2\\\\\\\"}]},{\\\\\\\"featureType\\\\\\\": \\\\\\\"poi\\\\\\\",\\\\\\\"elementType\\\\\\\": \\\\\\\"all\\\\\\\",\\\\\\\"stylers\\\\\\\": [{\\\\\\\"visibility\\\\\\\": \\\\\\\"off\\\\\\\"}]},{\\\\\\\"featureType\\\\\\\": \\\\\\\"road\\\\\\\",\\\\\\\"elementType\\\\\\\": \\\\\\\"all\\\\\\\",\\\\\\\"stylers\\\\\\\": [{\\\\\\\"saturation\\\\\\\": -100},{\\\\\\\"lightness\\\\\\\": 45}]},{\\\\\\\"featureType\\\\\\\": \\\\\\\"road.highway\\\\\\\",\\\\\\\"elementType\\\\\\\": \\\\\\\"all\\\\\\\",\\\\\\\"stylers\\\\\\\": [{\\\\\\\"visibility\\\\\\\": \\\\\\\"simplified\\\\\\\"}]},{\\\\\\\"featureType\\\\\\\": \\\\\\\"road.arterial\\\\\\\",\\\\\\\"elementType\\\\\\\": \\\\\\\"labels.icon\\\\\\\",\\\\\\\"stylers\\\\\\\": [{\\\\\\\"visibility\\\\\\\": \\\\\\\"off\\\\\\\"}]},{\\\\\\\"featureType\\\\\\\": \\\\\\\"transit\\\\\\\",\\\\\\\"elementType\\\\\\\": \\\\\\\"all\\\\\\\",\\\\\\\"stylers\\\\\\\": [{\\\\\\\"visibility\\\\\\\": \\\\\\\"off\\\\\\\"}]},{\\\\\\\"featureType\\\\\\\": \\\\\\\"water\\\\\\\",\\\\\\\"elementType\\\\\\\": \\\\\\\"all\\\\\\\",\\\\\\\"stylers\\\\\\\": [{\\\\\\\"color\\\\\\\": \\\\\\\"#46bcec\\\\\\\"},{\\\\\\\"visibility\\\\\\\": \\\\\\\"on\\\\\\\"}]}]\",\"wpgmza_theme_selection\":1,\"wpgmza_show_points_of_interest\":1,\"wpgmza_auto_night\":0}}' data-map-id='1' Data-maps-engine='google-maps' data-shortcode-attributes='{\"id\":\"1\",\"classname\":\"alignfull\"}' class='alignfull' style=\"display:block; overflow:auto; width:%; height:755px; float:left;\"><\/div>","protected":false},"excerpt":{"rendered":"<p>NA\u0160E NAJV\u00c4\u010c\u0160IE PROJEKTY \u00daspe\u0161ne zrealizovan\u00e9 projekty v&nbsp;energetike a&nbsp;priemysle na Slovensku a&nbsp;v zahrani\u010d\u00ed<\/p>\n","protected":false},"author":1,"featured_media":0,"parent":0,"menu_order":5,"comment_status":"closed","ping_status":"closed","template":"","meta":[],"uagb_featured_image_src":{"full":false,"thumbnail":false,"medium":false,"medium_large":false,"large":false,"1536x1536":false,"2048x2048":false,"post-thumbnail":false},"uagb_author_info":{"display_name":"datatherm-admin","author_link":"https:\/\/www.dtenergietech.sk\/en\/author\/datatherm-admin\/"},"uagb_comment_info":0,"uagb_excerpt":"NA\u0160E NAJV\u00c4\u010c\u0160IE PROJEKTY \u00daspe\u0161ne zrealizovan\u00e9 projekty v&nbsp;energetike a&nbsp;priemysle na Slovensku a&nbsp;v zahrani\u010d\u00ed","_links":{"self":[{"href":"https:\/\/www.dtenergietech.sk\/en\/wp-json\/wp\/v2\/pages\/19"}],"collection":[{"href":"https:\/\/www.dtenergietech.sk\/en\/wp-json\/wp\/v2\/pages"}],"about":[{"href":"https:\/\/www.dtenergietech.sk\/en\/wp-json\/wp\/v2\/types\/page"}],"author":[{"embeddable":true,"href":"https:\/\/www.dtenergietech.sk\/en\/wp-json\/wp\/v2\/users\/1"}],"replies":[{"embeddable":true,"href":"https:\/\/www.dtenergietech.sk\/en\/wp-json\/wp\/v2\/comments?post=19"}],"version-history":[{"count":23,"href":"https:\/\/www.dtenergietech.sk\/en\/wp-json\/wp\/v2\/pages\/19\/revisions"}],"predecessor-version":[{"id":1387,"href":"https:\/\/www.dtenergietech.sk\/en\/wp-json\/wp\/v2\/pages\/19\/revisions\/1387"}],"wp:attachment":[{"href":"https:\/\/www.dtenergietech.sk\/en\/wp-json\/wp\/v2\/media?parent=19"}],"curies":[{"name":"wp","href":"https:\/\/api.w.org\/{rel}","templated":true}]}}